{"id":872,"date":"2023-10-26T21:06:56","date_gmt":"2023-10-26T21:06:56","guid":{"rendered":"https:\/\/mondoclassic.se\/?page_id=872"},"modified":"2026-03-14T18:09:41","modified_gmt":"2026-03-14T18:09:41","slug":"home-new-2","status":"publish","type":"page","link":"https:\/\/mondoclassic.se\/en\/","title":{"rendered":"Home &#8211; 2024"},"content":{"rendered":"","protected":false},"excerpt":{"rendered":"","protected":false},"author":14,"featured_media":0,"parent":0,"menu_order":0,"comment_status":"closed","ping_status":"closed","template":"","meta":{"_acf_changed":false,"footnotes":""},"class_list":["post-872","page","type-page","status-publish","hentry"],"acf":[],"yoast_head":"<!-- This site is optimized with the Yoast SEO plugin v25.3.1 - https:\/\/yoast.com\/wordpress\/plugins\/seo\/ -->\n<title>Pole vault with Armand Duplantis - Mondo Classic 2026<\/title>\n<meta name=\"description\" content=\"Du har kommit r\u00e4tt! Missa inte att k\u00f6pa biljetter till \u00e5rets st\u00f6rsta idrottsh\u00e4ndelse.\" \/>\n<meta name=\"robots\" content=\"index, follow, max-snippet:-1, max-image-preview:large, max-video-preview:-1\" \/>\n<link rel=\"canonical\" href=\"https:\/\/mondoclassic.se\/en\/\" \/>\n<meta property=\"og:locale\" content=\"en_US\" \/>\n<meta property=\"og:type\" content=\"article\" \/>\n<meta property=\"og:title\" content=\"Pole vault with Armand Duplantis - Mondo Classic 2026\" \/>\n<meta property=\"og:description\" content=\"Du har kommit r\u00e4tt! Missa inte att k\u00f6pa biljetter till \u00e5rets st\u00f6rsta idrottsh\u00e4ndelse.\" \/>\n<meta property=\"og:url\" content=\"https:\/\/mondoclassic.se\/en\/\" \/>\n<meta property=\"og:site_name\" content=\"Mondo Classic\" \/>\n<meta property=\"article:modified_time\" content=\"2026-03-14T18:09:41+00:00\" \/>\n<meta property=\"og:image\" content=\"https:\/\/mondoclassic.se\/wp-content\/uploads\/2023\/12\/mondo24-fb-1200x630px.jpg\" \/>\n\t<meta property=\"og:image:width\" content=\"1600\" \/>\n\t<meta property=\"og:image:height\" content=\"840\" \/>\n\t<meta property=\"og:image:type\" content=\"image\/jpeg\" \/>\n<meta name=\"twitter:card\" content=\"summary_large_image\" \/>\n<meta name=\"twitter:image\" content=\"https:\/\/mondoclassic.se\/wp-content\/uploads\/2023\/12\/mondo24-fb-1200x630px.jpg\" \/>\n<meta name=\"twitter:label1\" content=\"Est. reading time\" \/>\n\t<meta name=\"twitter:data1\" content=\"5 minutes\" \/>\n<script type=\"application\/ld+json\" class=\"yoast-schema-graph\">{\"@context\":\"https:\/\/schema.org\",\"@graph\":[{\"@type\":\"WebPage\",\"@id\":\"https:\/\/mondoclassic.se\/en\/\",\"url\":\"https:\/\/mondoclassic.se\/en\/\",\"name\":\"Pole vault with Armand Duplantis - Mondo Classic 2026\",\"isPartOf\":{\"@id\":\"http:\/\/mondoclassic.ww\/#website\"},\"datePublished\":\"2023-10-26T21:06:56+00:00\",\"dateModified\":\"2026-03-14T18:09:41+00:00\",\"description\":\"Du har kommit r\u00e4tt! Missa inte att k\u00f6pa biljetter till \u00e5rets st\u00f6rsta idrottsh\u00e4ndelse.\",\"breadcrumb\":{\"@id\":\"https:\/\/mondoclassic.se\/en\/#breadcrumb\"},\"inLanguage\":\"en-US\",\"potentialAction\":[{\"@type\":\"ReadAction\",\"target\":[\"https:\/\/mondoclassic.se\/en\/\"]}]},{\"@type\":\"BreadcrumbList\",\"@id\":\"https:\/\/mondoclassic.se\/en\/#breadcrumb\",\"itemListElement\":[{\"@type\":\"ListItem\",\"position\":1,\"name\":\"Home\",\"item\":\"https:\/\/mondoclassic.se\/en\/\"},{\"@type\":\"ListItem\",\"position\":2,\"name\":\"Home &#8211; 2024\"}]},{\"@type\":\"WebSite\",\"@id\":\"http:\/\/mondoclassic.ww\/#website\",\"url\":\"http:\/\/mondoclassic.ww\/\",\"name\":\"Mondo Classic\",\"description\":\"\",\"potentialAction\":[{\"@type\":\"SearchAction\",\"target\":{\"@type\":\"EntryPoint\",\"urlTemplate\":\"http:\/\/mondoclassic.ww\/?s={search_term_string}\"},\"query-input\":{\"@type\":\"PropertyValueSpecification\",\"valueRequired\":true,\"valueName\":\"search_term_string\"}}],\"inLanguage\":\"en-US\"}]}<\/script>\n<!-- \/ Yoast SEO plugin. -->","yoast_head_json":{"title":"Pole vault with Armand Duplantis - Mondo Classic 2026","description":"Du har kommit r\u00e4tt! Missa inte att k\u00f6pa biljetter till \u00e5rets st\u00f6rsta idrottsh\u00e4ndelse.","robots":{"index":"index","follow":"follow","max-snippet":"max-snippet:-1","max-image-preview":"max-image-preview:large","max-video-preview":"max-video-preview:-1"},"canonical":"https:\/\/mondoclassic.se\/en\/","og_locale":"en_US","og_type":"article","og_title":"Pole vault with Armand Duplantis - Mondo Classic 2026","og_description":"Du har kommit r\u00e4tt! Missa inte att k\u00f6pa biljetter till \u00e5rets st\u00f6rsta idrottsh\u00e4ndelse.","og_url":"https:\/\/mondoclassic.se\/en\/","og_site_name":"Mondo Classic","article_modified_time":"2026-03-14T18:09:41+00:00","og_image":[{"width":1600,"height":840,"url":"https:\/\/mondoclassic.se\/wp-content\/uploads\/2023\/12\/mondo24-fb-1200x630px.jpg","type":"image\/jpeg"}],"twitter_card":"summary_large_image","twitter_image":"https:\/\/mondoclassic.se\/wp-content\/uploads\/2023\/12\/mondo24-fb-1200x630px.jpg","twitter_misc":{"Est. reading time":"5 minutes"},"schema":{"@context":"https:\/\/schema.org","@graph":[{"@type":"WebPage","@id":"https:\/\/mondoclassic.se\/en\/","url":"https:\/\/mondoclassic.se\/en\/","name":"Pole vault with Armand Duplantis - Mondo Classic 2026","isPartOf":{"@id":"http:\/\/mondoclassic.ww\/#website"},"datePublished":"2023-10-26T21:06:56+00:00","dateModified":"2026-03-14T18:09:41+00:00","description":"Du har kommit r\u00e4tt! Missa inte att k\u00f6pa biljetter till \u00e5rets st\u00f6rsta idrottsh\u00e4ndelse.","breadcrumb":{"@id":"https:\/\/mondoclassic.se\/en\/#breadcrumb"},"inLanguage":"en-US","potentialAction":[{"@type":"ReadAction","target":["https:\/\/mondoclassic.se\/en\/"]}]},{"@type":"BreadcrumbList","@id":"https:\/\/mondoclassic.se\/en\/#breadcrumb","itemListElement":[{"@type":"ListItem","position":1,"name":"Home","item":"https:\/\/mondoclassic.se\/en\/"},{"@type":"ListItem","position":2,"name":"Home &#8211; 2024"}]},{"@type":"WebSite","@id":"http:\/\/mondoclassic.ww\/#website","url":"http:\/\/mondoclassic.ww\/","name":"Mondo Classic","description":"","potentialAction":[{"@type":"SearchAction","target":{"@type":"EntryPoint","urlTemplate":"http:\/\/mondoclassic.ww\/?s={search_term_string}"},"query-input":{"@type":"PropertyValueSpecification","valueRequired":true,"valueName":"search_term_string"}}],"inLanguage":"en-US"}]}},"_links":{"self":[{"href":"https:\/\/mondoclassic.se\/en\/wp-json\/wp\/v2\/pages\/872","targetHints":{"allow":["GET"]}}],"collection":[{"href":"https:\/\/mondoclassic.se\/en\/wp-json\/wp\/v2\/pages"}],"about":[{"href":"https:\/\/mondoclassic.se\/en\/wp-json\/wp\/v2\/types\/page"}],"author":[{"embeddable":true,"href":"https:\/\/mondoclassic.se\/en\/wp-json\/wp\/v2\/users\/14"}],"replies":[{"embeddable":true,"href":"https:\/\/mondoclassic.se\/en\/wp-json\/wp\/v2\/comments?post=872"}],"version-history":[{"count":21,"href":"https:\/\/mondoclassic.se\/en\/wp-json\/wp\/v2\/pages\/872\/revisions"}],"predecessor-version":[{"id":1681,"href":"https:\/\/mondoclassic.se\/en\/wp-json\/wp\/v2\/pages\/872\/revisions\/1681"}],"wp:attachment":[{"href":"https:\/\/mondoclassic.se\/en\/wp-json\/wp\/v2\/media?parent=872"}],"curies":[{"name":"wp","href":"https:\/\/api.w.org\/{rel}","templated":true}]}}