{"id":666,"date":"2021-12-14T08:09:47","date_gmt":"2021-12-14T08:09:47","guid":{"rendered":"https:\/\/mondoclassic.se\/?page_id=666"},"modified":"2026-03-03T08:59:15","modified_gmt":"2026-03-03T08:59:15","slug":"find-your-way-to-the-arena","status":"publish","type":"page","link":"https:\/\/mondoclassic.se\/en\/find-your-way-to-the-arena\/","title":{"rendered":"Find your way to the arena"},"content":{"rendered":"","protected":false},"excerpt":{"rendered":"","protected":false},"author":1,"featured_media":0,"parent":0,"menu_order":0,"comment_status":"closed","ping_status":"closed","template":"","meta":{"_acf_changed":false,"footnotes":""},"class_list":["post-666","page","type-page","status-publish","hentry"],"acf":[],"yoast_head":"<!-- This site is optimized with the Yoast SEO plugin v27.4 - https:\/\/yoast.com\/product\/yoast-seo-wordpress\/ -->\n<title>Stavhopp med Armand Duplantis - Mondo Classic 2026<\/title>\n<meta name=\"description\" content=\"Du har kommit r\u00e4tt! Missa inte att k\u00f6pa biljetter till n\u00e4sta \u00e5rs st\u00f6rsta idrottsh\u00e4ndelse.\" \/>\n<meta name=\"robots\" content=\"index, follow, max-snippet:-1, max-image-preview:large, max-video-preview:-1\" \/>\n<link rel=\"canonical\" href=\"https:\/\/mondoclassic.se\/en\/find-your-way-to-the-arena\/\" \/>\n<meta property=\"og:locale\" content=\"en_US\" \/>\n<meta property=\"og:type\" content=\"article\" \/>\n<meta property=\"og:title\" content=\"Stavhopp med Armand Duplantis - Mondo Classic 2026\" \/>\n<meta property=\"og:description\" content=\"Du har kommit r\u00e4tt! Missa inte att k\u00f6pa biljetter till n\u00e4sta \u00e5rs st\u00f6rsta idrottsh\u00e4ndelse.\" \/>\n<meta property=\"og:url\" content=\"https:\/\/mondoclassic.se\/en\/find-your-way-to-the-arena\/\" \/>\n<meta property=\"og:site_name\" content=\"Mondo Classic\" \/>\n<meta property=\"article:modified_time\" content=\"2026-03-03T08:59:15+00:00\" \/>\n<meta property=\"og:image\" content=\"https:\/\/mondoclassic.se\/wp-content\/uploads\/2023\/01\/share-image-mondoclassic-1.0-1.jpg\" \/>\n\t<meta property=\"og:image:width\" content=\"1200\" \/>\n\t<meta property=\"og:image:height\" content=\"628\" \/>\n\t<meta property=\"og:image:type\" content=\"image\/jpeg\" \/>\n<meta name=\"twitter:card\" content=\"summary_large_image\" \/>\n<meta name=\"twitter:label1\" content=\"Est. reading time\" \/>\n\t<meta name=\"twitter:data1\" content=\"2 minutes\" \/>\n<script type=\"application\/ld+json\" class=\"yoast-schema-graph\">{\"@context\":\"https:\\\/\\\/schema.org\",\"@graph\":[{\"@type\":\"WebPage\",\"@id\":\"https:\\\/\\\/mondoclassic.se\\\/en\\\/find-your-way-to-the-arena\\\/\",\"url\":\"https:\\\/\\\/mondoclassic.se\\\/en\\\/find-your-way-to-the-arena\\\/\",\"name\":\"Stavhopp med Armand Duplantis - Mondo Classic 2026\",\"isPartOf\":{\"@id\":\"http:\\\/\\\/mondoclassic.ww\\\/#website\"},\"datePublished\":\"2021-12-14T08:09:47+00:00\",\"dateModified\":\"2026-03-03T08:59:15+00:00\",\"description\":\"Du har kommit r\u00e4tt! Missa inte att k\u00f6pa biljetter till n\u00e4sta \u00e5rs st\u00f6rsta idrottsh\u00e4ndelse.\",\"breadcrumb\":{\"@id\":\"https:\\\/\\\/mondoclassic.se\\\/en\\\/find-your-way-to-the-arena\\\/#breadcrumb\"},\"inLanguage\":\"en-US\",\"potentialAction\":[{\"@type\":\"ReadAction\",\"target\":[\"https:\\\/\\\/mondoclassic.se\\\/en\\\/find-your-way-to-the-arena\\\/\"]}]},{\"@type\":\"BreadcrumbList\",\"@id\":\"https:\\\/\\\/mondoclassic.se\\\/en\\\/find-your-way-to-the-arena\\\/#breadcrumb\",\"itemListElement\":[{\"@type\":\"ListItem\",\"position\":1,\"name\":\"Home\",\"item\":\"https:\\\/\\\/mondoclassic.se\\\/en\\\/\"},{\"@type\":\"ListItem\",\"position\":2,\"name\":\"Find your way to the arena\"}]},{\"@type\":\"WebSite\",\"@id\":\"http:\\\/\\\/mondoclassic.ww\\\/#website\",\"url\":\"http:\\\/\\\/mondoclassic.ww\\\/\",\"name\":\"Mondo Classic\",\"description\":\"\",\"potentialAction\":[{\"@type\":\"SearchAction\",\"target\":{\"@type\":\"EntryPoint\",\"urlTemplate\":\"http:\\\/\\\/mondoclassic.ww\\\/?s={search_term_string}\"},\"query-input\":{\"@type\":\"PropertyValueSpecification\",\"valueRequired\":true,\"valueName\":\"search_term_string\"}}],\"inLanguage\":\"en-US\"}]}<\/script>\n<!-- \/ Yoast SEO plugin. -->","yoast_head_json":{"title":"Stavhopp med Armand Duplantis - Mondo Classic 2026","description":"Du har kommit r\u00e4tt! Missa inte att k\u00f6pa biljetter till n\u00e4sta \u00e5rs st\u00f6rsta idrottsh\u00e4ndelse.","robots":{"index":"index","follow":"follow","max-snippet":"max-snippet:-1","max-image-preview":"max-image-preview:large","max-video-preview":"max-video-preview:-1"},"canonical":"https:\/\/mondoclassic.se\/en\/find-your-way-to-the-arena\/","og_locale":"en_US","og_type":"article","og_title":"Stavhopp med Armand Duplantis - Mondo Classic 2026","og_description":"Du har kommit r\u00e4tt! Missa inte att k\u00f6pa biljetter till n\u00e4sta \u00e5rs st\u00f6rsta idrottsh\u00e4ndelse.","og_url":"https:\/\/mondoclassic.se\/en\/find-your-way-to-the-arena\/","og_site_name":"Mondo Classic","article_modified_time":"2026-03-03T08:59:15+00:00","og_image":[{"width":1200,"height":628,"url":"https:\/\/mondoclassic.se\/wp-content\/uploads\/2023\/01\/share-image-mondoclassic-1.0-1.jpg","type":"image\/jpeg"}],"twitter_card":"summary_large_image","twitter_misc":{"Est. reading time":"2 minutes"},"schema":{"@context":"https:\/\/schema.org","@graph":[{"@type":"WebPage","@id":"https:\/\/mondoclassic.se\/en\/find-your-way-to-the-arena\/","url":"https:\/\/mondoclassic.se\/en\/find-your-way-to-the-arena\/","name":"Stavhopp med Armand Duplantis - Mondo Classic 2026","isPartOf":{"@id":"http:\/\/mondoclassic.ww\/#website"},"datePublished":"2021-12-14T08:09:47+00:00","dateModified":"2026-03-03T08:59:15+00:00","description":"Du har kommit r\u00e4tt! Missa inte att k\u00f6pa biljetter till n\u00e4sta \u00e5rs st\u00f6rsta idrottsh\u00e4ndelse.","breadcrumb":{"@id":"https:\/\/mondoclassic.se\/en\/find-your-way-to-the-arena\/#breadcrumb"},"inLanguage":"en-US","potentialAction":[{"@type":"ReadAction","target":["https:\/\/mondoclassic.se\/en\/find-your-way-to-the-arena\/"]}]},{"@type":"BreadcrumbList","@id":"https:\/\/mondoclassic.se\/en\/find-your-way-to-the-arena\/#breadcrumb","itemListElement":[{"@type":"ListItem","position":1,"name":"Home","item":"https:\/\/mondoclassic.se\/en\/"},{"@type":"ListItem","position":2,"name":"Find your way to the arena"}]},{"@type":"WebSite","@id":"http:\/\/mondoclassic.ww\/#website","url":"http:\/\/mondoclassic.ww\/","name":"Mondo Classic","description":"","potentialAction":[{"@type":"SearchAction","target":{"@type":"EntryPoint","urlTemplate":"http:\/\/mondoclassic.ww\/?s={search_term_string}"},"query-input":{"@type":"PropertyValueSpecification","valueRequired":true,"valueName":"search_term_string"}}],"inLanguage":"en-US"}]}},"_links":{"self":[{"href":"https:\/\/mondoclassic.se\/en\/wp-json\/wp\/v2\/pages\/666","targetHints":{"allow":["GET"]}}],"collection":[{"href":"https:\/\/mondoclassic.se\/en\/wp-json\/wp\/v2\/pages"}],"about":[{"href":"https:\/\/mondoclassic.se\/en\/wp-json\/wp\/v2\/types\/page"}],"author":[{"embeddable":true,"href":"https:\/\/mondoclassic.se\/en\/wp-json\/wp\/v2\/users\/1"}],"replies":[{"embeddable":true,"href":"https:\/\/mondoclassic.se\/en\/wp-json\/wp\/v2\/comments?post=666"}],"version-history":[{"count":6,"href":"https:\/\/mondoclassic.se\/en\/wp-json\/wp\/v2\/pages\/666\/revisions"}],"predecessor-version":[{"id":1576,"href":"https:\/\/mondoclassic.se\/en\/wp-json\/wp\/v2\/pages\/666\/revisions\/1576"}],"wp:attachment":[{"href":"https:\/\/mondoclassic.se\/en\/wp-json\/wp\/v2\/media?parent=666"}],"curies":[{"name":"wp","href":"https:\/\/api.w.org\/{rel}","templated":true}]}}